{"id":2,"date":"2020-07-08T17:08:07","date_gmt":"2020-07-08T15:08:07","guid":{"rendered":"https:\/\/jamesndemou.com\/?page_id=2"},"modified":"2025-02-26T11:29:38","modified_gmt":"2025-02-26T10:29:38","slug":"page-d-exemple","status":"publish","type":"page","link":"https:\/\/jamesndemou.com\/index.php\/page-d-exemple\/","title":{"rendered":"\u00c0 propos"},"content":{"rendered":"\n<p>C&rsquo;est toujours un peu compliqu\u00e9 de se pr\u00e9senter. Disons juste que je suis un citoyen qui s&rsquo;int\u00e9resse \u00e0 des sujets divers et qui aimerais partager son point de vue avec le monde. <\/p>\n\n\n\n<p>Je suis de nationalit\u00e9 et d&rsquo;origine camerounaise. Les articles que je publierai ici seront donc tous plus ou moins <em>\u00e9crits<\/em> en gardant \u00e0 l&rsquo;esprit la vision que je me fais des int\u00e9r\u00eats de mon cher et beau pays le Cameroun.<br>La libert\u00e9 d&rsquo;expression \u00e9tant quelque chose \u00e0 laquelle j&rsquo;adh\u00e8re, je ne demande donc \u00e0 personne d&rsquo;\u00eatre d&rsquo;accord avec moi totalement mais d&rsquo;essayer de garder \u00e0 l&rsquo;esprit tant bien que possible la question de l&rsquo;int\u00e9r\u00eat du plus grand nombre et non de ses propres int\u00e9r\u00eats.<br><br>Je suis par ailleurs dans mes heures perdues, entrepreneur, consultant dans les TI et d\u00e9veloppeur d&rsquo;applications. J&rsquo;aime la vie, la belle vie et je pr\u00e9f\u00e8re la convivialit\u00e9 de mes semblables au triste sort de la solitude. Je me consid\u00e8re donc comme un profond humaniste.<br>Bienvenu \u00e0 tous!<\/p>\n","protected":false},"excerpt":{"rendered":"<p>C&rsquo;est toujours un peu compliqu\u00e9 de se pr\u00e9senter. Disons juste que je suis un citoyen qui s&rsquo;int\u00e9resse \u00e0 des sujets divers et qui aimerais partager son point de vue avec<span class=\"more-button\"><a href=\"https:\/\/jamesndemou.com\/index.php\/page-d-exemple\/\" class=\"more-link\">Continue reading<span class=\"screen-reader-text\">\u00c0 propos<\/span><\/a><\/span><\/p>\n","protected":false},"author":1,"featured_media":0,"parent":0,"menu_order":0,"comment_status":"closed","ping_status":"open","template":"","meta":{"footnotes":""},"class_list":["post-2","page","type-page","status-publish","hentry"],"_links":{"self":[{"href":"https:\/\/jamesndemou.com\/index.php\/wp-json\/wp\/v2\/pages\/2","targetHints":{"allow":["GET"]}}],"collection":[{"href":"https:\/\/jamesndemou.com\/index.php\/wp-json\/wp\/v2\/pages"}],"about":[{"href":"https:\/\/jamesndemou.com\/index.php\/wp-json\/wp\/v2\/types\/page"}],"author":[{"embeddable":true,"href":"https:\/\/jamesndemou.com\/index.php\/wp-json\/wp\/v2\/users\/1"}],"replies":[{"embeddable":true,"href":"https:\/\/jamesndemou.com\/index.php\/wp-json\/wp\/v2\/comments?post=2"}],"version-history":[{"count":5,"href":"https:\/\/jamesndemou.com\/index.php\/wp-json\/wp\/v2\/pages\/2\/revisions"}],"predecessor-version":[{"id":139,"href":"https:\/\/jamesndemou.com\/index.php\/wp-json\/wp\/v2\/pages\/2\/revisions\/139"}],"wp:attachment":[{"href":"https:\/\/jamesndemou.com\/index.php\/wp-json\/wp\/v2\/media?parent=2"}],"curies":[{"name":"wp","href":"https:\/\/api.w.org\/{rel}","templated":true}]}}